{"id":147,"date":"2019-11-18T17:15:30","date_gmt":"2019-11-18T16:15:30","guid":{"rendered":"http:\/\/www.annerose-kaufmann.de\/WordPress\/?page_id=147"},"modified":"2024-05-08T18:21:34","modified_gmt":"2024-05-08T16:21:34","slug":"kosmetik","status":"publish","type":"page","link":"https:\/\/www.annerose-kaufmann.de\/?page_id=147","title":{"rendered":"Kosmetik"},"content":{"rendered":"\t\t<div data-elementor-type=\"wp-page\" data-elementor-id=\"147\" class=\"elementor elementor-147\">\n\t\t\t\t\t\t<section class=\"elementor-section elementor-top-section elementor-element elementor-element-d6b3954 elementor-section-boxed elementor-section-height-default elementor-section-height-default\" data-id=\"d6b3954\" data-element_type=\"section\" data-e-type=\"section\">\n\t\t\t\t\t\t<div class=\"elementor-container elementor-column-gap-default\">\n\t\t\t\t\t<div class=\"elementor-column elementor-col-100 elementor-top-column elementor-element elementor-element-e1cddc0\" data-id=\"e1cddc0\" data-element_type=\"column\" data-e-type=\"column\">\n\t\t\t<div class=\"elementor-widget-wrap elementor-element-populated\">\n\t\t\t\t\t\t<div class=\"elementor-element elementor-element-c76e3c5 elementor-widget elementor-widget-text-editor\" data-id=\"c76e3c5\" data-element_type=\"widget\" data-e-type=\"widget\" data-widget_type=\"text-editor.default\">\n\t\t\t\t<div class=\"elementor-widget-container\">\n\t\t\t\t\t\t\t\t\t<h1>Kosmetik<\/h1>\n\n<p>Sch\u00f6nheit tut gut und entspannt, wir machen uns f\u00fcr Ihre Sch\u00f6nheit stark.<\/p>\n<p>Es gibt nichts sch\u00f6neres, als sich in seiner Haut so richtig wohl zu f\u00fchlen.<br>Entspannende K\u00f6rper- und Gesichtsmassagen mit der richtigen Pflege gibt Ihnen neue Vitalit\u00e4t und Lebensfreude, das ist Balsam f\u00fcr die Seele.<\/p>\n<p>Lassen Sie sich und Ihre Haut verw\u00f6hnen, ob Verw\u00f6hnmassagen oder Spezialbehnadlungen f\u00fcr Problemzonen. Alle unsere Leistungen bieten wir als Einzelbehandlungen oder speziell zusammengestellt in kompletten Tages- oder Kurprogramm an.<\/p>\n<p><span style=\"text-decoration: underline;\"><strong><span style=\"font-family: verdana, geneva;\">Kosmetik bei Fruchts\u00e4urebehandlung<\/span><\/strong><\/span><\/p>\n<p><span style=\"font-family: verdana, geneva;\"><abbr>&#8211; verbessert die Hautstruktur und das Erscheinungsbild der Haut<br><\/abbr><\/span><span style=\"font-family: verdana, geneva;\"><abbr>&#8211; Reduziert feine Linien und Falte<br><\/abbr><\/span><span style=\"font-family: verdana, geneva;\"><abbr>&#8211; F\u00fchren bei fettiger, unreiner&nbsp; oder zu Akne neigender Haut zu einer deutlichen Verbesserung des Hautzustandes<br><\/abbr><\/span><span style=\"font-family: verdana, geneva;\"><abbr>&#8211; Helfen Altersflecken und Pigmentst\u00f6rungen (braune Flecken)zu reduzieren.<\/abbr><\/span><\/p>\t\t\t\t\t\t\t\t<\/div>\n\t\t\t\t<\/div>\n\t\t\t\t\t<\/div>\n\t\t<\/div>\n\t\t\t\t\t<\/div>\n\t\t<\/section>\n\t\t\t\t<\/div>\n\t\t","protected":false},"excerpt":{"rendered":"<p>Kosmetik Sch\u00f6nheit tut gut und entspannt, wir machen uns f\u00fcr Ihre Sch\u00f6nheit stark. Es gibt nichts sch\u00f6neres, als sich in seiner Haut so richtig wohl zu f\u00fchlen.Entspannende K\u00f6rper- und Gesichtsmassagen mit der richtigen Pflege gibt Ihnen neue Vitalit\u00e4t und Lebensfreude, das ist Balsam f\u00fcr die Seele. Lassen Sie sich und Ihre Haut verw\u00f6hnen, ob Verw\u00f6hnmassagen [&hellip;]<\/p>\n","protected":false},"author":1,"featured_media":0,"parent":0,"menu_order":0,"comment_status":"closed","ping_status":"closed","template":"","meta":{"ocean_post_layout":"right-sidebar","ocean_both_sidebars_style":"","ocean_both_sidebars_content_width":0,"ocean_both_sidebars_sidebars_width":0,"ocean_sidebar":"sidebar","ocean_second_sidebar":"0","ocean_disable_margins":"enable","ocean_add_body_class":"","ocean_shortcode_before_top_bar":"","ocean_shortcode_after_top_bar":"","ocean_shortcode_before_header":"","ocean_shortcode_after_header":"","ocean_has_shortcode":"","ocean_shortcode_after_title":"","ocean_shortcode_before_footer_widgets":"","ocean_shortcode_after_footer_widgets":"","ocean_shortcode_before_footer_bottom":"","ocean_shortcode_after_footer_bottom":"","ocean_display_top_bar":"off","ocean_display_header":"on","ocean_header_style":"top","ocean_center_header_left_menu":"0","ocean_custom_header_template":"0","ocean_custom_logo":0,"ocean_custom_retina_logo":0,"ocean_custom_logo_max_width":0,"ocean_custom_logo_tablet_max_width":0,"ocean_custom_logo_mobile_max_width":0,"ocean_custom_logo_max_height":0,"ocean_custom_logo_tablet_max_height":0,"ocean_custom_logo_mobile_max_height":0,"ocean_header_custom_menu":"0","ocean_menu_typo_font_family":"0","ocean_menu_typo_font_subset":"","ocean_menu_typo_font_size":0,"ocean_menu_typo_font_size_tablet":0,"ocean_menu_typo_font_size_mobile":0,"ocean_menu_typo_font_size_unit":"px","ocean_menu_typo_font_weight":"","ocean_menu_typo_font_weight_tablet":"","ocean_menu_typo_font_weight_mobile":"","ocean_menu_typo_transform":"","ocean_menu_typo_transform_tablet":"","ocean_menu_typo_transform_mobile":"","ocean_menu_typo_line_height":0,"ocean_menu_typo_line_height_tablet":0,"ocean_menu_typo_line_height_mobile":0,"ocean_menu_typo_line_height_unit":"","ocean_menu_typo_spacing":0,"ocean_menu_typo_spacing_tablet":0,"ocean_menu_typo_spacing_mobile":0,"ocean_menu_typo_spacing_unit":"","ocean_menu_link_color":"#ffffcc","ocean_menu_link_color_hover":"#8bc34a","ocean_menu_link_color_active":"","ocean_menu_link_background":"","ocean_menu_link_hover_background":"","ocean_menu_link_active_background":"","ocean_menu_social_links_bg":"","ocean_menu_social_hover_links_bg":"","ocean_menu_social_links_color":"","ocean_menu_social_hover_links_color":"","ocean_disable_title":"enable","ocean_disable_heading":"on","ocean_post_title":"","ocean_post_subheading":"","ocean_post_title_style":"","ocean_post_title_background_color":"","ocean_post_title_background":543,"ocean_post_title_bg_image_position":"top left","ocean_post_title_bg_image_attachment":"","ocean_post_title_bg_image_repeat":"","ocean_post_title_bg_image_size":"","ocean_post_title_height":120,"ocean_post_title_bg_overlay":0.1,"ocean_post_title_bg_overlay_color":"#ffffcc","ocean_disable_breadcrumbs":"default","ocean_breadcrumbs_color":"","ocean_breadcrumbs_separator_color":"","ocean_breadcrumbs_links_color":"","ocean_breadcrumbs_links_hover_color":"","ocean_display_footer_widgets":"default","ocean_display_footer_bottom":"default","ocean_custom_footer_template":"0","footnotes":""},"class_list":["post-147","page","type-page","status-publish","hentry","entry"],"_links":{"self":[{"href":"https:\/\/www.annerose-kaufmann.de\/index.php?rest_route=\/wp\/v2\/pages\/147","targetHints":{"allow":["GET"]}}],"collection":[{"href":"https:\/\/www.annerose-kaufmann.de\/index.php?rest_route=\/wp\/v2\/pages"}],"about":[{"href":"https:\/\/www.annerose-kaufmann.de\/index.php?rest_route=\/wp\/v2\/types\/page"}],"author":[{"embeddable":true,"href":"https:\/\/www.annerose-kaufmann.de\/index.php?rest_route=\/wp\/v2\/users\/1"}],"replies":[{"embeddable":true,"href":"https:\/\/www.annerose-kaufmann.de\/index.php?rest_route=%2Fwp%2Fv2%2Fcomments&post=147"}],"version-history":[{"count":11,"href":"https:\/\/www.annerose-kaufmann.de\/index.php?rest_route=\/wp\/v2\/pages\/147\/revisions"}],"predecessor-version":[{"id":1421,"href":"https:\/\/www.annerose-kaufmann.de\/index.php?rest_route=\/wp\/v2\/pages\/147\/revisions\/1421"}],"wp:attachment":[{"href":"https:\/\/www.annerose-kaufmann.de\/index.php?rest_route=%2Fwp%2Fv2%2Fmedia&parent=147"}],"curies":[{"name":"wp","href":"https:\/\/api.w.org\/{rel}","templated":true}]}}