{"id":207,"date":"2019-11-19T10:48:55","date_gmt":"2019-11-19T09:48:55","guid":{"rendered":"http:\/\/www.annerose-kaufmann.de\/WordPress\/?page_id=207"},"modified":"2021-11-25T17:29:13","modified_gmt":"2021-11-25T16:29:13","slug":"anfahrt","status":"publish","type":"page","link":"https:\/\/www.annerose-kaufmann.de\/?page_id=207","title":{"rendered":"Anfahrt"},"content":{"rendered":"<h1>Anfahrt:<\/h1>\n<p>\u00dcber die A8 kommend, Ausfahrt Nr.58 Aichelberg abfahren. Sie biegen auf die L1214 nach S\u00fcden in Richtung Weilheim ab. Nach ca. 1,9 km biegen Sie an der Kreuzung bei der ARAL Tankstelle nach Links in die Zellerstra\u00dfe ab (L1200) ca.240 m. Weiter auf der Obere Grabenstra\u00dfe ca. 500m. Dann an der Kreuzung auf die Untere Grabenstra\u00dfe und sofort wieder rechts in die Schulstra\u00dfe. Nach 97 m haben Sie das Ziel erreicht. Das Ziel liegt links.<\/p>\n<p><img decoding=\"async\" src=\"http:\/\/www.annerose-kaufmann.de\/WordPress\/wp-content\/uploads\/2019\/11\/anfahrt.png\" alt=\"\" width=\"210\" height=\"190\"><\/p>\n<p><a href=\"http:\/\/maps.google.de\/maps?saddr=L1214&amp;daddr=Schulstra%C3%9Fe&amp;hl=de&amp;ie=UTF8&amp;ll=48.615491,9.536691&amp;spn=0.005313,0.013937&amp;sll=48.615225,9.539158&amp;sspn=0.002656,0.006968&amp;geocode=Fd0Q5gIdptSRAA%3BFYLN5QIdzpCRAA&amp;mra=dme&amp;mrsp=1&amp;sz=18&amp;t=h&amp;z=17\">Anfahrtsplan hier klicken<\/a><\/p>\n","protected":false},"excerpt":{"rendered":"<p>Anfahrt: \u00dcber die A8 kommend, Ausfahrt Nr.58 Aichelberg abfahren. Sie biegen auf die L1214 nach S\u00fcden in Richtung Weilheim ab. Nach ca. 1,9 km biegen Sie an der Kreuzung bei der ARAL Tankstelle nach Links in die Zellerstra\u00dfe ab (L1200) ca.240 m. Weiter auf der Obere Grabenstra\u00dfe ca. 500m. Dann an der Kreuzung auf die [&hellip;]<\/p>\n","protected":false},"author":1,"featured_media":0,"parent":0,"menu_order":0,"comment_status":"closed","ping_status":"closed","template":"","meta":{"ocean_post_layout":"right-sidebar","ocean_both_sidebars_style":"","ocean_both_sidebars_content_width":0,"ocean_both_sidebars_sidebars_width":0,"ocean_sidebar":"sidebar","ocean_second_sidebar":"0","ocean_disable_margins":"enable","ocean_add_body_class":"","ocean_shortcode_before_top_bar":"","ocean_shortcode_after_top_bar":"","ocean_shortcode_before_header":"","ocean_shortcode_after_header":"","ocean_has_shortcode":"","ocean_shortcode_after_title":"","ocean_shortcode_before_footer_widgets":"","ocean_shortcode_after_footer_widgets":"","ocean_shortcode_before_footer_bottom":"","ocean_shortcode_after_footer_bottom":"","ocean_display_top_bar":"off","ocean_display_header":"default","ocean_header_style":"top","ocean_center_header_left_menu":"0","ocean_custom_header_template":"0","ocean_custom_logo":797,"ocean_custom_retina_logo":0,"ocean_custom_logo_max_width":1200,"ocean_custom_logo_tablet_max_width":0,"ocean_custom_logo_mobile_max_width":0,"ocean_custom_logo_max_height":200,"ocean_custom_logo_tablet_max_height":0,"ocean_custom_logo_mobile_max_height":0,"ocean_header_custom_menu":"2","ocean_menu_typo_font_family":"0","ocean_menu_typo_font_subset":"","ocean_menu_typo_font_size":0,"ocean_menu_typo_font_size_tablet":0,"ocean_menu_typo_font_size_mobile":0,"ocean_menu_typo_font_size_unit":"px","ocean_menu_typo_font_weight":"","ocean_menu_typo_font_weight_tablet":"","ocean_menu_typo_font_weight_mobile":"","ocean_menu_typo_transform":"","ocean_menu_typo_transform_tablet":"","ocean_menu_typo_transform_mobile":"","ocean_menu_typo_line_height":0,"ocean_menu_typo_line_height_tablet":0,"ocean_menu_typo_line_height_mobile":0,"ocean_menu_typo_line_height_unit":"","ocean_menu_typo_spacing":0,"ocean_menu_typo_spacing_tablet":0,"ocean_menu_typo_spacing_mobile":0,"ocean_menu_typo_spacing_unit":"","ocean_menu_link_color":"#ffffcc","ocean_menu_link_color_hover":"#8bc34a","ocean_menu_link_color_active":"","ocean_menu_link_background":"","ocean_menu_link_hover_background":"","ocean_menu_link_active_background":"","ocean_menu_social_links_bg":"","ocean_menu_social_hover_links_bg":"","ocean_menu_social_links_color":"","ocean_menu_social_hover_links_color":"","ocean_disable_title":"default","ocean_disable_heading":"on","ocean_post_title":"","ocean_post_subheading":"","ocean_post_title_style":"","ocean_post_title_background_color":"","ocean_post_title_background":545,"ocean_post_title_bg_image_position":"top left","ocean_post_title_bg_image_attachment":"","ocean_post_title_bg_image_repeat":"","ocean_post_title_bg_image_size":"","ocean_post_title_height":120,"ocean_post_title_bg_overlay":0.1,"ocean_post_title_bg_overlay_color":"","ocean_disable_breadcrumbs":"off","ocean_breadcrumbs_color":"","ocean_breadcrumbs_separator_color":"","ocean_breadcrumbs_links_color":"","ocean_breadcrumbs_links_hover_color":"","ocean_display_footer_widgets":"default","ocean_display_footer_bottom":"default","ocean_custom_footer_template":"0","footnotes":""},"class_list":["post-207","page","type-page","status-publish","hentry","entry"],"_links":{"self":[{"href":"https:\/\/www.annerose-kaufmann.de\/index.php?rest_route=\/wp\/v2\/pages\/207","targetHints":{"allow":["GET"]}}],"collection":[{"href":"https:\/\/www.annerose-kaufmann.de\/index.php?rest_route=\/wp\/v2\/pages"}],"about":[{"href":"https:\/\/www.annerose-kaufmann.de\/index.php?rest_route=\/wp\/v2\/types\/page"}],"author":[{"embeddable":true,"href":"https:\/\/www.annerose-kaufmann.de\/index.php?rest_route=\/wp\/v2\/users\/1"}],"replies":[{"embeddable":true,"href":"https:\/\/www.annerose-kaufmann.de\/index.php?rest_route=%2Fwp%2Fv2%2Fcomments&post=207"}],"version-history":[{"count":11,"href":"https:\/\/www.annerose-kaufmann.de\/index.php?rest_route=\/wp\/v2\/pages\/207\/revisions"}],"predecessor-version":[{"id":1231,"href":"https:\/\/www.annerose-kaufmann.de\/index.php?rest_route=\/wp\/v2\/pages\/207\/revisions\/1231"}],"wp:attachment":[{"href":"https:\/\/www.annerose-kaufmann.de\/index.php?rest_route=%2Fwp%2Fv2%2Fmedia&parent=207"}],"curies":[{"name":"wp","href":"https:\/\/api.w.org\/{rel}","templated":true}]}}