{"id":5,"date":"2019-11-16T16:20:45","date_gmt":"2019-11-16T15:20:45","guid":{"rendered":"http:\/\/www.annerose-kaufmann.de\/WordPress\/?page_id=5"},"modified":"2023-02-16T11:31:59","modified_gmt":"2023-02-16T10:31:59","slug":"elementor-5","status":"publish","type":"page","link":"https:\/\/www.annerose-kaufmann.de\/","title":{"rendered":"Home"},"content":{"rendered":"\t\t<div data-elementor-type=\"wp-post\" data-elementor-id=\"5\" class=\"elementor elementor-5\">\n\t\t\t\t\t\t<section class=\"elementor-section elementor-top-section elementor-element elementor-element-41ca4ba elementor-section-boxed elementor-section-height-default elementor-section-height-default\" data-id=\"41ca4ba\" data-element_type=\"section\" data-e-type=\"section\">\n\t\t\t\t\t\t<div class=\"elementor-container elementor-column-gap-default\">\n\t\t\t\t\t<div class=\"elementor-column elementor-col-100 elementor-top-column elementor-element elementor-element-a3b7aa3\" data-id=\"a3b7aa3\" data-element_type=\"column\" data-e-type=\"column\">\n\t\t\t<div class=\"elementor-widget-wrap elementor-element-populated\">\n\t\t\t\t\t\t<div class=\"elementor-element elementor-element-828aa1d elementor-widget elementor-widget-text-editor\" data-id=\"828aa1d\" data-element_type=\"widget\" data-e-type=\"widget\" data-widget_type=\"text-editor.default\">\n\t\t\t\t<div class=\"elementor-widget-container\">\n\t\t\t\t\t\t\t\t\t<h1>Home<\/h1><p>Mitten in Weilheim\/Teck freut sich das Art of Hair Team Ihre Kunden in einer r\u00e4umlich, ruhigen Atmosph\u00e4re begr\u00fc\u00dfen zu d\u00fcrfen.<\/p><p>Das Bestreben unsere Teams ist es, den Friseurbesuch zu einem Wohlf\u00fchl- und Verw\u00f6hnerlebnis zu gestalten und mit neuen Trends, Looks und Pflegetipps f\u00fcr Haut und Haar Damen und Herren zu begeistern.<\/p><p>Ihr ART OF HAIR<\/p>\t\t\t\t\t\t\t\t<\/div>\n\t\t\t\t<\/div>\n\t\t\t\t\t<\/div>\n\t\t<\/div>\n\t\t\t\t\t<\/div>\n\t\t<\/section>\n\t\t\t\t<section class=\"elementor-section elementor-top-section elementor-element elementor-element-2d2cefc elementor-section-boxed elementor-section-height-default elementor-section-height-default\" data-id=\"2d2cefc\" data-element_type=\"section\" data-e-type=\"section\">\n\t\t\t\t\t\t<div class=\"elementor-container elementor-column-gap-default\">\n\t\t\t\t\t<div class=\"elementor-column elementor-col-100 elementor-top-column elementor-element elementor-element-368517b\" data-id=\"368517b\" data-element_type=\"column\" data-e-type=\"column\">\n\t\t\t<div class=\"elementor-widget-wrap elementor-element-populated\">\n\t\t\t\t\t\t<div class=\"elementor-element elementor-element-edcf59e elementor-widget elementor-widget-image\" data-id=\"edcf59e\" data-element_type=\"widget\" data-e-type=\"widget\" data-widget_type=\"image.default\">\n\t\t\t\t<div class=\"elementor-widget-container\">\n\t\t\t\t\t\t\t\t\t\t\t\t\t\t\t<img fetchpriority=\"high\" decoding=\"async\" width=\"387\" height=\"259\" src=\"https:\/\/www.annerose-kaufmann.de\/wp-content\/uploads\/2019\/11\/Salon-Art-of-Hair.jpg\" class=\"attachment-full size-full wp-image-303\" alt=\"\" srcset=\"https:\/\/www.annerose-kaufmann.de\/wp-content\/uploads\/2019\/11\/Salon-Art-of-Hair.jpg 387w, https:\/\/www.annerose-kaufmann.de\/wp-content\/uploads\/2019\/11\/Salon-Art-of-Hair-300x201.jpg 300w\" sizes=\"(max-width: 387px) 100vw, 387px\" \/>\t\t\t\t\t\t\t\t\t\t\t\t\t\t\t<\/div>\n\t\t\t\t<\/div>\n\t\t\t\t\t<\/div>\n\t\t<\/div>\n\t\t\t\t\t<\/div>\n\t\t<\/section>\n\t\t\t\t<section class=\"elementor-section elementor-top-section elementor-element elementor-element-24c6c17 elementor-section-boxed elementor-section-height-default elementor-section-height-default\" data-id=\"24c6c17\" data-element_type=\"section\" data-e-type=\"section\">\n\t\t\t\t\t\t<div class=\"elementor-container elementor-column-gap-default\">\n\t\t\t\t\t<div class=\"elementor-column elementor-col-33 elementor-top-column elementor-element elementor-element-1168c10\" data-id=\"1168c10\" data-element_type=\"column\" data-e-type=\"column\">\n\t\t\t<div class=\"elementor-widget-wrap elementor-element-populated\">\n\t\t\t\t\t\t<div class=\"elementor-element elementor-element-c388939 elementor-widget__width-initial elementor-widget elementor-widget-image\" data-id=\"c388939\" data-element_type=\"widget\" data-e-type=\"widget\" data-widget_type=\"image.default\">\n\t\t\t\t<div class=\"elementor-widget-container\">\n\t\t\t\t\t\t\t\t\t\t\t\t\t\t\t\t<a href=\"https:\/\/www.annerose-kaufmann.de\/wp-content\/uploads\/2020\/03\/Kaufmann_Weilheim_Urkunde_DE.png\">\n\t\t\t\t\t\t\t<img decoding=\"async\" width=\"212\" height=\"300\" src=\"https:\/\/www.annerose-kaufmann.de\/wp-content\/uploads\/2020\/03\/Kaufmann_Weilheim_Urkunde_DE-212x300.png\" class=\"attachment-medium size-medium wp-image-1057\" alt=\"\" srcset=\"https:\/\/www.annerose-kaufmann.de\/wp-content\/uploads\/2020\/03\/Kaufmann_Weilheim_Urkunde_DE-212x300.png 212w, https:\/\/www.annerose-kaufmann.de\/wp-content\/uploads\/2020\/03\/Kaufmann_Weilheim_Urkunde_DE-724x1024.png 724w, https:\/\/www.annerose-kaufmann.de\/wp-content\/uploads\/2020\/03\/Kaufmann_Weilheim_Urkunde_DE-768x1087.png 768w, https:\/\/www.annerose-kaufmann.de\/wp-content\/uploads\/2020\/03\/Kaufmann_Weilheim_Urkunde_DE-1085x1536.png 1085w, https:\/\/www.annerose-kaufmann.de\/wp-content\/uploads\/2020\/03\/Kaufmann_Weilheim_Urkunde_DE-1447x2048.png 1447w, https:\/\/www.annerose-kaufmann.de\/wp-content\/uploads\/2020\/03\/Kaufmann_Weilheim_Urkunde_DE.png 1645w\" sizes=\"(max-width: 212px) 100vw, 212px\" \/>\t\t\t\t\t\t\t\t<\/a>\n\t\t\t\t\t\t\t\t\t\t\t\t\t\t\t<\/div>\n\t\t\t\t<\/div>\n\t\t\t\t\t<\/div>\n\t\t<\/div>\n\t\t\t\t<div class=\"elementor-column elementor-col-33 elementor-top-column elementor-element elementor-element-323316a\" data-id=\"323316a\" data-element_type=\"column\" data-e-type=\"column\">\n\t\t\t<div class=\"elementor-widget-wrap elementor-element-populated\">\n\t\t\t\t\t\t<div class=\"elementor-element elementor-element-bad6953 elementor-widget__width-initial elementor-widget elementor-widget-image\" data-id=\"bad6953\" data-element_type=\"widget\" data-e-type=\"widget\" data-widget_type=\"image.default\">\n\t\t\t\t<div class=\"elementor-widget-container\">\n\t\t\t\t\t\t\t\t\t\t\t\t\t\t\t\t<a href=\"https:\/\/www.annerose-kaufmann.de\/wp-content\/uploads\/2021\/04\/Kaufmann_Weilheim_042021.png\">\n\t\t\t\t\t\t\t<img decoding=\"async\" width=\"212\" height=\"300\" src=\"https:\/\/www.annerose-kaufmann.de\/wp-content\/uploads\/2021\/04\/Kaufmann_Weilheim_042021-212x300.png\" class=\"attachment-medium size-medium wp-image-1121\" alt=\"\" srcset=\"https:\/\/www.annerose-kaufmann.de\/wp-content\/uploads\/2021\/04\/Kaufmann_Weilheim_042021-212x300.png 212w, https:\/\/www.annerose-kaufmann.de\/wp-content\/uploads\/2021\/04\/Kaufmann_Weilheim_042021-724x1024.png 724w, https:\/\/www.annerose-kaufmann.de\/wp-content\/uploads\/2021\/04\/Kaufmann_Weilheim_042021-768x1087.png 768w, https:\/\/www.annerose-kaufmann.de\/wp-content\/uploads\/2021\/04\/Kaufmann_Weilheim_042021-1085x1536.png 1085w, https:\/\/www.annerose-kaufmann.de\/wp-content\/uploads\/2021\/04\/Kaufmann_Weilheim_042021-1447x2048.png 1447w, https:\/\/www.annerose-kaufmann.de\/wp-content\/uploads\/2021\/04\/Kaufmann_Weilheim_042021.png 1645w\" sizes=\"(max-width: 212px) 100vw, 212px\" \/>\t\t\t\t\t\t\t\t<\/a>\n\t\t\t\t\t\t\t\t\t\t\t\t\t\t\t<\/div>\n\t\t\t\t<\/div>\n\t\t\t\t\t<\/div>\n\t\t<\/div>\n\t\t\t\t<div class=\"elementor-column elementor-col-33 elementor-top-column elementor-element elementor-element-a14b78b\" data-id=\"a14b78b\" data-element_type=\"column\" data-e-type=\"column\">\n\t\t\t<div class=\"elementor-widget-wrap elementor-element-populated\">\n\t\t\t\t\t\t<div class=\"elementor-element elementor-element-b190ff9 elementor-widget elementor-widget-image\" data-id=\"b190ff9\" data-element_type=\"widget\" data-e-type=\"widget\" data-widget_type=\"image.default\">\n\t\t\t\t<div class=\"elementor-widget-container\">\n\t\t\t\t\t\t\t\t\t\t\t\t\t\t\t<img loading=\"lazy\" decoding=\"async\" width=\"522\" height=\"334\" src=\"https:\/\/www.annerose-kaufmann.de\/wp-content\/uploads\/2022\/12\/Auszeichnung-2022.jpg\" class=\"attachment-large size-large wp-image-1294\" alt=\"\" srcset=\"https:\/\/www.annerose-kaufmann.de\/wp-content\/uploads\/2022\/12\/Auszeichnung-2022.jpg 522w, https:\/\/www.annerose-kaufmann.de\/wp-content\/uploads\/2022\/12\/Auszeichnung-2022-300x192.jpg 300w\" sizes=\"(max-width: 522px) 100vw, 522px\" \/>\t\t\t\t\t\t\t\t\t\t\t\t\t\t\t<\/div>\n\t\t\t\t<\/div>\n\t\t\t\t\t<\/div>\n\t\t<\/div>\n\t\t\t\t\t<\/div>\n\t\t<\/section>\n\t\t\t\t<section class=\"elementor-section elementor-top-section elementor-element elementor-element-6bf79d4 elementor-section-boxed elementor-section-height-default elementor-section-height-default\" data-id=\"6bf79d4\" data-element_type=\"section\" data-e-type=\"section\">\n\t\t\t\t\t\t<div class=\"elementor-container elementor-column-gap-default\">\n\t\t\t\t\t<div class=\"elementor-column elementor-col-100 elementor-top-column elementor-element elementor-element-db4e0da\" data-id=\"db4e0da\" data-element_type=\"column\" data-e-type=\"column\">\n\t\t\t<div class=\"elementor-widget-wrap elementor-element-populated\">\n\t\t\t\t\t\t<div class=\"elementor-element elementor-element-0777e91 elementor-widget elementor-widget-text-editor\" data-id=\"0777e91\" data-element_type=\"widget\" data-e-type=\"widget\" data-widget_type=\"text-editor.default\">\n\t\t\t\t<div class=\"elementor-widget-container\">\n\t\t\t\t\t\t\t\t\t<p><strong>Das Prinzip der Klimaneutralit\u00e4t<\/strong><\/p><p>Als umweltbewusstes Unternehmen liegt uns das Thema Nachhaltigkeit am Herzen. Deshalb versuchen wir CO<sub>2<\/sub>-Emissionen weitgehend zu reduzieren. Jedoch k\u00f6nnen wir unsere Emissionen nicht auf null setzen, deshalb gleichen wir alles was \u00fcbrig bleibt mit Hilfe von ClimatePartner aus.<\/p><p>Klimaneutral sind Unternehmen deren CO<sub>2<\/sub>-Emissionen berechnet und durch Unterst\u00fctzung international anerkannter Klimaschutzprojekte ausgeglichen wurden. Der Ausgleich von CO<sub>2<\/sub>-Emissionen ist neben Vermeidung und Reduktion ein weiterer wichtiger Schritt im ganzheitlichen Klimaschutz. Treibhausgase verteilen sich gleichm\u00e4\u00dfig in der Atmosph\u00e4re, die Treibhausgaskonzentration ist somit \u00fcberall auf der Erde in etwa gleich. Deshalb ist es unerheblich, an welchem Ort auf der Erde Emissionen verursacht oder vermieden werden. Emissionen, die lokal nicht vermieden werden k\u00f6nnen, k\u00f6nnen deshalb durch Klimaschutzprojekte an einem anderen Ort ausgeglichen werden.<\/p>\t\t\t\t\t\t\t\t<\/div>\n\t\t\t\t<\/div>\n\t\t\t\t\t<\/div>\n\t\t<\/div>\n\t\t\t\t\t<\/div>\n\t\t<\/section>\n\t\t\t\t<section class=\"elementor-section elementor-top-section elementor-element elementor-element-2d7443d elementor-section-boxed elementor-section-height-default elementor-section-height-default\" data-id=\"2d7443d\" data-element_type=\"section\" data-e-type=\"section\">\n\t\t\t\t\t\t<div class=\"elementor-container elementor-column-gap-default\">\n\t\t\t\t\t<div class=\"elementor-column elementor-col-100 elementor-top-column elementor-element elementor-element-4c7861c\" data-id=\"4c7861c\" data-element_type=\"column\" data-e-type=\"column\">\n\t\t\t<div class=\"elementor-widget-wrap elementor-element-populated\">\n\t\t\t\t\t\t<div class=\"elementor-element elementor-element-488f490 elementor-widget elementor-widget-text-editor\" data-id=\"488f490\" data-element_type=\"widget\" data-e-type=\"widget\" data-widget_type=\"text-editor.default\">\n\t\t\t\t<div class=\"elementor-widget-container\">\n\t\t\t\t\t\t\t\t\t<p><strong>Schutz f\u00fcr ein bedrohtes St\u00fcck Amazonas<\/strong><\/p><p>Region Madre de Dios ist Teil des Vilcabamba-Ambor\u00f3 Korridors, einem der gr\u00f6\u00dften Gebiete mit der weltweit h\u00f6chsten biologischen Vielfalt. Neben bedrohten Arten wie dem Mahagoni-Baum, Jaguar, Puma, Br\u00fcllaffen, Aras oder der Boa leben hier auch mehrere indigene, teils unkontaktierte V\u00f6lker. Ihr wertvoller Lebensraum wird jedoch durch das Stra\u00dfenbauprojekt Transamaz\u00f4nica quer durch Brasilien und Peru bedroht. Dieses beg\u00fcnstigt die Zuwanderung in das \u00f6kologisch sensible Gebiet und damit verbundene Entwicklungen wie Landbau und Viehzucht.<\/p><p>Das f\u00fchrt zu massiven Rodungen des Waldes, wie sich am fertigen Teil der Stra\u00dfe in Brasilien zeigt. Zahlreiche Widerst\u00e4nde, z.B. von Umwelt- und indigenen Gruppen konnten die Fertigstellung der peruanischen Teilstrecke bislang verhindern.<\/p><p>Seit 2009 sch\u00fctzt unser Klimaschutzprojekt ein 100.000 Hektar gro\u00dfes Gebiet und hilft den lokalen Gemeinden, es nachhaltig zu bewirtschaften.<\/p>\t\t\t\t\t\t\t\t<\/div>\n\t\t\t\t<\/div>\n\t\t\t\t\t<\/div>\n\t\t<\/div>\n\t\t\t\t\t<\/div>\n\t\t<\/section>\n\t\t\t\t<section class=\"elementor-section elementor-top-section elementor-element elementor-element-22e45ec elementor-section-boxed elementor-section-height-default elementor-section-height-default\" data-id=\"22e45ec\" data-element_type=\"section\" data-e-type=\"section\">\n\t\t\t\t\t\t<div class=\"elementor-container elementor-column-gap-default\">\n\t\t\t\t\t<div class=\"elementor-column elementor-col-100 elementor-top-column elementor-element elementor-element-5c3cad1\" data-id=\"5c3cad1\" data-element_type=\"column\" data-e-type=\"column\">\n\t\t\t<div class=\"elementor-widget-wrap elementor-element-populated\">\n\t\t\t\t\t\t<div class=\"elementor-element elementor-element-8b51587 elementor-widget elementor-widget-text-editor\" data-id=\"8b51587\" data-element_type=\"widget\" data-e-type=\"widget\" data-widget_type=\"text-editor.default\">\n\t\t\t\t<div class=\"elementor-widget-container\">\n\t\t\t\t\t\t\t\t\t<p><strong>Wie funktioniert Klimaschutz mit Waldschutz?<\/strong><\/p><p><strong>\u00ad<\/strong>W\u00e4lder speichern CO<sub>2<\/sub>, tropische W\u00e4lder sogar besonders viel. F\u00fcr anerkannte Klimaschutzprojekte gibt es drei Methoden, W\u00e4lder als CO<sub>2<\/sub>-Speicher zu schaffen oder zu erhalten: 1. Aufforstung und Wiederaufforstung; 2. Nachhaltige Waldbewirtschaftung: Es wird nur so viel Holz geerntet, wie auch wieder nachwachsen kann; und 3. einen finanziellen Anreiz zum Schutz der W\u00e4lder schaffen (sog. REDD+).<\/p>\t\t\t\t\t\t\t\t<\/div>\n\t\t\t\t<\/div>\n\t\t\t\t\t<\/div>\n\t\t<\/div>\n\t\t\t\t\t<\/div>\n\t\t<\/section>\n\t\t\t\t<section class=\"elementor-section elementor-top-section elementor-element elementor-element-8e8717a elementor-section-boxed elementor-section-height-default elementor-section-height-default\" data-id=\"8e8717a\" data-element_type=\"section\" data-e-type=\"section\">\n\t\t\t\t\t\t<div class=\"elementor-container elementor-column-gap-default\">\n\t\t\t\t\t<div class=\"elementor-column elementor-col-100 elementor-top-column elementor-element elementor-element-61310b4\" data-id=\"61310b4\" data-element_type=\"column\" data-e-type=\"column\">\n\t\t\t<div class=\"elementor-widget-wrap\">\n\t\t\t\t\t\t\t<\/div>\n\t\t<\/div>\n\t\t\t\t\t<\/div>\n\t\t<\/section>\n\t\t\t\t<\/div>\n\t\t","protected":false},"excerpt":{"rendered":"<p>Home Mitten in Weilheim\/Teck freut sich das Art of Hair Team Ihre Kunden in einer r\u00e4umlich, ruhigen Atmosph\u00e4re begr\u00fc\u00dfen zu d\u00fcrfen. Das Bestreben unsere Teams ist es, den Friseurbesuch zu einem Wohlf\u00fchl- und Verw\u00f6hnerlebnis zu gestalten und mit neuen Trends, Looks und Pflegetipps f\u00fcr Haut und Haar Damen und Herren zu begeistern. Ihr ART OF [&hellip;]<\/p>\n","protected":false},"author":1,"featured_media":0,"parent":0,"menu_order":0,"comment_status":"closed","ping_status":"closed","template":"","meta":{"ocean_post_layout":"right-sidebar","ocean_both_sidebars_style":"","ocean_both_sidebars_content_width":0,"ocean_both_sidebars_sidebars_width":0,"ocean_sidebar":"sidebar","ocean_second_sidebar":"0","ocean_disable_margins":"enable","ocean_add_body_class":"","ocean_shortcode_before_top_bar":"","ocean_shortcode_after_top_bar":"","ocean_shortcode_before_header":"","ocean_shortcode_after_header":"","ocean_has_shortcode":"","ocean_shortcode_after_title":"","ocean_shortcode_before_footer_widgets":"","ocean_shortcode_after_footer_widgets":"","ocean_shortcode_before_footer_bottom":"","ocean_shortcode_after_footer_bottom":"","ocean_display_top_bar":"off","ocean_display_header":"on","ocean_header_style":"top","ocean_center_header_left_menu":"0","ocean_custom_header_template":"0","ocean_custom_logo":435,"ocean_custom_retina_logo":0,"ocean_custom_logo_max_width":1200,"ocean_custom_logo_tablet_max_width":0,"ocean_custom_logo_mobile_max_width":0,"ocean_custom_logo_max_height":200,"ocean_custom_logo_tablet_max_height":0,"ocean_custom_logo_mobile_max_height":0,"ocean_header_custom_menu":"2","ocean_menu_typo_font_family":"0","ocean_menu_typo_font_subset":"","ocean_menu_typo_font_size":null,"ocean_menu_typo_font_size_tablet":0,"ocean_menu_typo_font_size_mobile":0,"ocean_menu_typo_font_size_unit":"px","ocean_menu_typo_font_weight":"","ocean_menu_typo_font_weight_tablet":"","ocean_menu_typo_font_weight_mobile":"","ocean_menu_typo_transform":"","ocean_menu_typo_transform_tablet":"","ocean_menu_typo_transform_mobile":"","ocean_menu_typo_line_height":0,"ocean_menu_typo_line_height_tablet":0,"ocean_menu_typo_line_height_mobile":0,"ocean_menu_typo_line_height_unit":"","ocean_menu_typo_spacing":0,"ocean_menu_typo_spacing_tablet":0,"ocean_menu_typo_spacing_mobile":0,"ocean_menu_typo_spacing_unit":"","ocean_menu_link_color":"#ffffcc","ocean_menu_link_color_hover":"#8bc34a","ocean_menu_link_color_active":"","ocean_menu_link_background":"#38332c","ocean_menu_link_hover_background":"","ocean_menu_link_active_background":"#38332c","ocean_menu_social_links_bg":"","ocean_menu_social_hover_links_bg":"","ocean_menu_social_links_color":"","ocean_menu_social_hover_links_color":"","ocean_disable_title":"default","ocean_disable_heading":"on","ocean_post_title":"","ocean_post_subheading":"","ocean_post_title_style":"","ocean_post_title_background_color":"","ocean_post_title_background":535,"ocean_post_title_bg_image_position":"top left","ocean_post_title_bg_image_attachment":"","ocean_post_title_bg_image_repeat":"","ocean_post_title_bg_image_size":"cover","ocean_post_title_height":120,"ocean_post_title_bg_overlay":0.1,"ocean_post_title_bg_overlay_color":"","ocean_disable_breadcrumbs":"default","ocean_breadcrumbs_color":"#efefef","ocean_breadcrumbs_separator_color":"","ocean_breadcrumbs_links_color":"","ocean_breadcrumbs_links_hover_color":"","ocean_display_footer_widgets":"off","ocean_display_footer_bottom":"on","ocean_custom_footer_template":"0","footnotes":""},"class_list":["post-5","page","type-page","status-publish","hentry","entry"],"_links":{"self":[{"href":"https:\/\/www.annerose-kaufmann.de\/index.php?rest_route=\/wp\/v2\/pages\/5","targetHints":{"allow":["GET"]}}],"collection":[{"href":"https:\/\/www.annerose-kaufmann.de\/index.php?rest_route=\/wp\/v2\/pages"}],"about":[{"href":"https:\/\/www.annerose-kaufmann.de\/index.php?rest_route=\/wp\/v2\/types\/page"}],"author":[{"embeddable":true,"href":"https:\/\/www.annerose-kaufmann.de\/index.php?rest_route=\/wp\/v2\/users\/1"}],"replies":[{"embeddable":true,"href":"https:\/\/www.annerose-kaufmann.de\/index.php?rest_route=%2Fwp%2Fv2%2Fcomments&post=5"}],"version-history":[{"count":60,"href":"https:\/\/www.annerose-kaufmann.de\/index.php?rest_route=\/wp\/v2\/pages\/5\/revisions"}],"predecessor-version":[{"id":1303,"href":"https:\/\/www.annerose-kaufmann.de\/index.php?rest_route=\/wp\/v2\/pages\/5\/revisions\/1303"}],"wp:attachment":[{"href":"https:\/\/www.annerose-kaufmann.de\/index.php?rest_route=%2Fwp%2Fv2%2Fmedia&parent=5"}],"curies":[{"name":"wp","href":"https:\/\/api.w.org\/{rel}","templated":true}]}}