{"id":93,"date":"2019-11-18T11:57:36","date_gmt":"2019-11-18T10:57:36","guid":{"rendered":"http:\/\/www.annerose-kaufmann.de\/WordPress\/?page_id=93"},"modified":"2025-12-15T17:42:27","modified_gmt":"2025-12-15T16:42:27","slug":"events","status":"publish","type":"page","link":"https:\/\/www.annerose-kaufmann.de\/?page_id=93","title":{"rendered":"Event\u00b4s"},"content":{"rendered":"\t\t<div data-elementor-type=\"wp-page\" data-elementor-id=\"93\" class=\"elementor elementor-93\">\n\t\t\t\t\t\t<section class=\"elementor-section elementor-top-section elementor-element elementor-element-7f01366 elementor-section-boxed elementor-section-height-default elementor-section-height-default\" data-id=\"7f01366\" data-element_type=\"section\" data-e-type=\"section\">\n\t\t\t\t\t\t<div class=\"elementor-container elementor-column-gap-default\">\n\t\t\t\t\t<div class=\"elementor-column elementor-col-100 elementor-top-column elementor-element elementor-element-58de044\" data-id=\"58de044\" data-element_type=\"column\" data-e-type=\"column\">\n\t\t\t<div class=\"elementor-widget-wrap elementor-element-populated\">\n\t\t\t\t\t\t<div class=\"elementor-element elementor-element-350e955 elementor-widget elementor-widget-text-editor\" data-id=\"350e955\" data-element_type=\"widget\" data-e-type=\"widget\" data-widget_type=\"text-editor.default\">\n\t\t\t\t<div class=\"elementor-widget-container\">\n\t\t\t\t\t\t\t\t\t<h1><strong>Event\u00b4s<\/strong><\/h1><p><strong>Haare schneiden nach dem Mondkalender!<\/strong><\/p><p>Wir sind bekannt daf\u00fcr, dass wir immer wieder Neues ausprobieren. Dies alles geschieht zum Wohle unsere Kunden, denn wir m\u00f6chten Ihnen den bestm\u00f6glichen Service bieten.<\/p><p>Ein Trend, der immer mehr Schule macht, ist die Ber\u00fccksichtigung des Mondes beim Haare schneiden. In vielen Bereichen des Lebens spielt der Mond eine gro\u00dfe Rolle: Er beeinflusst das Wachstum der Pflanzen, regelt Ebbe und Flut und beschert manch einem einen unruhigen Schlaf.<\/p><p>Auch auf das Wachstum der Haare nimmt er Einfluss. Zumindest wollen wir dies mit Ihnen gemeinsam testen. Die beste Zeit ist der zunehmende Mond oder Vollmond, wenn die Haare kr\u00e4ftiger und ges\u00fcnder wachsen sollten.<\/p><p>Unser Tipp f\u00fcr Sie: Enthaaren Sie Ihre Beine am besten in den ersten Tagen nach Vollmond!<\/p>\t\t\t\t\t\t\t\t<\/div>\n\t\t\t\t<\/div>\n\t\t\t\t\t<\/div>\n\t\t<\/div>\n\t\t\t\t\t<\/div>\n\t\t<\/section>\n\t\t\t\t<section class=\"elementor-section elementor-top-section elementor-element elementor-element-3b83e69 elementor-section-boxed elementor-section-height-default elementor-section-height-default\" data-id=\"3b83e69\" data-element_type=\"section\" data-e-type=\"section\">\n\t\t\t\t\t\t<div class=\"elementor-container elementor-column-gap-default\">\n\t\t\t\t\t<div class=\"elementor-column elementor-col-100 elementor-top-column elementor-element elementor-element-2411e9e\" data-id=\"2411e9e\" data-element_type=\"column\" data-e-type=\"column\">\n\t\t\t<div class=\"elementor-widget-wrap elementor-element-populated\">\n\t\t\t\t\t\t<div class=\"elementor-element elementor-element-d398338 elementor-widget elementor-widget-heading\" data-id=\"d398338\" data-element_type=\"widget\" data-e-type=\"widget\" data-widget_type=\"heading.default\">\n\t\t\t\t<div class=\"elementor-widget-container\">\n\t\t\t\t\t<h2 class=\"elementor-heading-title elementor-size-default\">Mondkalender 2026<\/h2>\t\t\t\t<\/div>\n\t\t\t\t<\/div>\n\t\t\t\t<div class=\"elementor-element elementor-element-7be64aa elementor-widget elementor-widget-shortcode\" data-id=\"7be64aa\" data-element_type=\"widget\" data-e-type=\"widget\" data-widget_type=\"shortcode.default\">\n\t\t\t\t<div class=\"elementor-widget-container\">\n\t\t\t\t\t\t\t<div class=\"elementor-shortcode\">\n<table id=\"tablepress-5\" class=\"tablepress tablepress-id-5\">\n<tbody>\n<tr class=\"row-1\">\n\t<td class=\"column-1\">4.1.-5.1.<\/td><td class=\"column-2\">L\u00f6we<\/td><td class=\"column-3\">6.1.-8.1.<\/td><td class=\"column-4\">Jungfrau<\/td>\n<\/tr>\n<tr class=\"row-2\">\n\t<td class=\"column-1\">1.2.-2.2.<\/td><td class=\"column-2\">L\u00f6we<\/td><td class=\"column-3\">3.2.-4.2.<\/td><td class=\"column-4\">Jungfrau<\/td>\n<\/tr>\n<tr class=\"row-3\">\n\t<td class=\"column-1\">28.2.-1.3.<\/td><td class=\"column-2\">L\u00f6we<\/td><td class=\"column-3\">2.3.-4.3.<\/td><td class=\"column-4\">Jungfrau<\/td>\n<\/tr>\n<tr class=\"row-4\">\n\t<td class=\"column-1\">27.3.-283.<\/td><td class=\"column-2\">L\u00f6we<\/td><td class=\"column-3\">29.3.-31.3.<\/td><td class=\"column-4\">Jungfrau<\/td>\n<\/tr>\n<tr class=\"row-5\">\n\t<td class=\"column-1\">23.4.-25.4.<\/td><td class=\"column-2\">L\u00f6we<\/td><td class=\"column-3\">24.4.-27.4.<\/td><td class=\"column-4\">Jungfrau<\/td>\n<\/tr>\n<tr class=\"row-6\">\n\t<td class=\"column-1\">21.5.-22.5.<\/td><td class=\"column-2\">L\u00f6we<\/td><td class=\"column-3\">23.5.-24.5<\/td><td class=\"column-4\">Jungfrau<\/td>\n<\/tr>\n<tr class=\"row-7\">\n\t<td class=\"column-1\">17.6.-18.6.<\/td><td class=\"column-2\">L\u00f6we<\/td><td class=\"column-3\">19.6.-20.6.<\/td><td class=\"column-4\">Jungfrau<\/td>\n<\/tr>\n<tr class=\"row-8\">\n\t<td class=\"column-1\">15.7.-16.7.<\/td><td class=\"column-2\">L\u00f6we<\/td><td class=\"column-3\">17.7.-18.7.<\/td><td class=\"column-4\">Jungfrau<\/td>\n<\/tr>\n<tr class=\"row-9\">\n\t<td class=\"column-1\">11.8.-12.8<\/td><td class=\"column-2\">L\u00f6we<\/td><td class=\"column-3\">13.8.-14.8.<\/td><td class=\"column-4\">Jungfrau<\/td>\n<\/tr>\n<tr class=\"row-10\">\n\t<td class=\"column-1\">7.9.-8.9.<\/td><td class=\"column-2\">L\u00f6we<\/td><td class=\"column-3\">10.9.-11.9.<\/td><td class=\"column-4\">Jungfrau<\/td>\n<\/tr>\n<tr class=\"row-11\">\n\t<td class=\"column-1\">5,10.-6.10.<\/td><td class=\"column-2\">L\u00f6we<\/td><td class=\"column-3\">7.10.-8.10.<\/td><td class=\"column-4\">Jungfrau<\/td>\n<\/tr>\n<tr class=\"row-12\">\n\t<td class=\"column-1\">1.11.-2.11.<\/td><td class=\"column-2\">L\u00f6we<\/td><td class=\"column-3\">3.11.-4.11.<\/td><td class=\"column-4\">Jungfrau<\/td>\n<\/tr>\n<tr class=\"row-13\">\n\t<td class=\"column-1\">28.11-29.11<\/td><td class=\"column-2\">L\u00f6we<\/td><td class=\"column-3\">30.11,-1.12,<\/td><td class=\"column-4\">Jungfrau<\/td>\n<\/tr>\n<tr class=\"row-14\">\n\t<td class=\"column-1\">25.12-26.12<\/td><td class=\"column-2\">L\u00f6we<\/td><td class=\"column-3\">27.12,-29.12,<\/td><td class=\"column-4\">Jungfrau<\/td>\n<\/tr>\n<\/tbody>\n<\/table>\n<!-- #tablepress-5 from cache --><\/div>\n\t\t\t\t\t\t<\/div>\n\t\t\t\t<\/div>\n\t\t\t\t\t<\/div>\n\t\t<\/div>\n\t\t\t\t\t<\/div>\n\t\t<\/section>\n\t\t\t\t<section class=\"elementor-section elementor-top-section elementor-element elementor-element-bd5c255 elementor-section-boxed elementor-section-height-default elementor-section-height-default\" data-id=\"bd5c255\" data-element_type=\"section\" data-e-type=\"section\">\n\t\t\t\t\t\t<div class=\"elementor-container elementor-column-gap-default\">\n\t\t\t\t\t<div class=\"elementor-column elementor-col-100 elementor-top-column elementor-element elementor-element-0db89e5\" data-id=\"0db89e5\" data-element_type=\"column\" data-e-type=\"column\">\n\t\t\t<div class=\"elementor-widget-wrap\">\n\t\t\t\t\t\t\t<\/div>\n\t\t<\/div>\n\t\t\t\t\t<\/div>\n\t\t<\/section>\n\t\t\t\t<\/div>\n\t\t","protected":false},"excerpt":{"rendered":"<p>Event\u00b4s Haare schneiden nach dem Mondkalender! Wir sind bekannt daf\u00fcr, dass wir immer wieder Neues ausprobieren. Dies alles geschieht zum Wohle unsere Kunden, denn wir m\u00f6chten Ihnen den bestm\u00f6glichen Service bieten. Ein Trend, der immer mehr Schule macht, ist die Ber\u00fccksichtigung des Mondes beim Haare schneiden. In vielen Bereichen des Lebens spielt der Mond eine [&hellip;]<\/p>\n","protected":false},"author":1,"featured_media":0,"parent":0,"menu_order":0,"comment_status":"closed","ping_status":"closed","template":"","meta":{"ocean_post_layout":"right-sidebar","ocean_both_sidebars_style":"","ocean_both_sidebars_content_width":0,"ocean_both_sidebars_sidebars_width":0,"ocean_sidebar":"sidebar","ocean_second_sidebar":"0","ocean_disable_margins":"enable","ocean_add_body_class":"","ocean_shortcode_before_top_bar":"","ocean_shortcode_after_top_bar":"","ocean_shortcode_before_header":"","ocean_shortcode_after_header":"","ocean_has_shortcode":"","ocean_shortcode_after_title":"","ocean_shortcode_before_footer_widgets":"","ocean_shortcode_after_footer_widgets":"","ocean_shortcode_before_footer_bottom":"","ocean_shortcode_after_footer_bottom":"","ocean_display_top_bar":"off","ocean_display_header":"on","ocean_header_style":"top","ocean_center_header_left_menu":"0","ocean_custom_header_template":"0","ocean_custom_logo":435,"ocean_custom_retina_logo":0,"ocean_custom_logo_max_width":1200,"ocean_custom_logo_tablet_max_width":0,"ocean_custom_logo_mobile_max_width":0,"ocean_custom_logo_max_height":250,"ocean_custom_logo_tablet_max_height":0,"ocean_custom_logo_mobile_max_height":0,"ocean_header_custom_menu":"0","ocean_menu_typo_font_family":"0","ocean_menu_typo_font_subset":"","ocean_menu_typo_font_size":100,"ocean_menu_typo_font_size_tablet":0,"ocean_menu_typo_font_size_mobile":0,"ocean_menu_typo_font_size_unit":"px","ocean_menu_typo_font_weight":"","ocean_menu_typo_font_weight_tablet":"","ocean_menu_typo_font_weight_mobile":"","ocean_menu_typo_transform":"","ocean_menu_typo_transform_tablet":"","ocean_menu_typo_transform_mobile":"","ocean_menu_typo_line_height":0,"ocean_menu_typo_line_height_tablet":0,"ocean_menu_typo_line_height_mobile":0,"ocean_menu_typo_line_height_unit":"","ocean_menu_typo_spacing":0,"ocean_menu_typo_spacing_tablet":0,"ocean_menu_typo_spacing_mobile":0,"ocean_menu_typo_spacing_unit":"","ocean_menu_link_color":"#ffffcc","ocean_menu_link_color_hover":"#8bc34a","ocean_menu_link_color_active":"","ocean_menu_link_background":"","ocean_menu_link_hover_background":"","ocean_menu_link_active_background":"","ocean_menu_social_links_bg":"","ocean_menu_social_hover_links_bg":"","ocean_menu_social_links_color":"","ocean_menu_social_hover_links_color":"","ocean_disable_title":"default","ocean_disable_heading":"on","ocean_post_title":"","ocean_post_subheading":"","ocean_post_title_style":"","ocean_post_title_background_color":"","ocean_post_title_background":541,"ocean_post_title_bg_image_position":"top left","ocean_post_title_bg_image_attachment":"","ocean_post_title_bg_image_repeat":"","ocean_post_title_bg_image_size":"","ocean_post_title_height":120,"ocean_post_title_bg_overlay":0.1,"ocean_post_title_bg_overlay_color":"#ffffcc","ocean_disable_breadcrumbs":"default","ocean_breadcrumbs_color":"","ocean_breadcrumbs_separator_color":"","ocean_breadcrumbs_links_color":"","ocean_breadcrumbs_links_hover_color":"","ocean_display_footer_widgets":"default","ocean_display_footer_bottom":"default","ocean_custom_footer_template":"0","footnotes":""},"class_list":["post-93","page","type-page","status-publish","hentry","entry"],"_links":{"self":[{"href":"https:\/\/www.annerose-kaufmann.de\/index.php?rest_route=\/wp\/v2\/pages\/93","targetHints":{"allow":["GET"]}}],"collection":[{"href":"https:\/\/www.annerose-kaufmann.de\/index.php?rest_route=\/wp\/v2\/pages"}],"about":[{"href":"https:\/\/www.annerose-kaufmann.de\/index.php?rest_route=\/wp\/v2\/types\/page"}],"author":[{"embeddable":true,"href":"https:\/\/www.annerose-kaufmann.de\/index.php?rest_route=\/wp\/v2\/users\/1"}],"replies":[{"embeddable":true,"href":"https:\/\/www.annerose-kaufmann.de\/index.php?rest_route=%2Fwp%2Fv2%2Fcomments&post=93"}],"version-history":[{"count":33,"href":"https:\/\/www.annerose-kaufmann.de\/index.php?rest_route=\/wp\/v2\/pages\/93\/revisions"}],"predecessor-version":[{"id":1458,"href":"https:\/\/www.annerose-kaufmann.de\/index.php?rest_route=\/wp\/v2\/pages\/93\/revisions\/1458"}],"wp:attachment":[{"href":"https:\/\/www.annerose-kaufmann.de\/index.php?rest_route=%2Fwp%2Fv2%2Fmedia&parent=93"}],"curies":[{"name":"wp","href":"https:\/\/api.w.org\/{rel}","templated":true}]}}